{"id":11506,"date":"2023-03-27T14:50:46","date_gmt":"2023-03-27T14:50:46","guid":{"rendered":"https:\/\/woocommerce-1333096-4880503.cloudwaysapps.com\/product\/payot-gel-glow-with-vitamin-50ml\/"},"modified":"2026-04-01T10:29:08","modified_gmt":"2026-04-01T10:29:08","slug":"payot-gel-glow-with-vitamin-50ml","status":"publish","type":"product","link":"https:\/\/amjaadpharmacy.com\/ar\/product\/payot-gel-glow-with-vitamin-50ml\/","title":{"rendered":"PAYOT GEL GLOW WITH VITAMIN 50ML"},"content":{"rendered":"<p>Containing 92% ingredients of natural origin, this vitamin-packed fresh gel reveals the skin&#8217;s natural radiance thanks to its formula enriched with super-ingredients (Organic Pomegranate, Organic Goji and A\u00e7a\u00ed extracts) and Vitamin C derivative. My Payot Gel\u00e9e Glow boosts radiance while moisturising for 12 hours and protecting the skin against daily aggression. You&#8217;ll love its fresh and powdery gel texture, which energises the skin and limits shine. Ideal for normal to combination skin.<\/p>","protected":false},"excerpt":{"rendered":"<p>It boosts radiance while moisturizing for 12 hours and protecting the skin against daily aggression.<br \/>\n It energizes the skin and limits shine.<br \/>\n Ideal for normal to combination skin.<\/p>","protected":false},"featured_media":0,"comment_status":"open","ping_status":"closed","template":"","meta":[],"product_cat":[398],"product_tag":[],"class_list":{"0":"post-11506","1":"product","2":"type-product","3":"status-publish","5":"product_cat-skin-care","7":"first","8":"outofstock","9":"taxable","10":"shipping-taxable","11":"purchasable","12":"product-type-simple"},"_links":{"self":[{"href":"https:\/\/amjaadpharmacy.com\/ar\/wp-json\/wp\/v2\/product\/11506","targetHints":{"allow":["GET"]}}],"collection":[{"href":"https:\/\/amjaadpharmacy.com\/ar\/wp-json\/wp\/v2\/product"}],"about":[{"href":"https:\/\/amjaadpharmacy.com\/ar\/wp-json\/wp\/v2\/types\/product"}],"replies":[{"embeddable":true,"href":"https:\/\/amjaadpharmacy.com\/ar\/wp-json\/wp\/v2\/comments?post=11506"}],"wp:attachment":[{"href":"https:\/\/amjaadpharmacy.com\/ar\/wp-json\/wp\/v2\/media?parent=11506"}],"wp:term":[{"taxonomy":"product_cat","embeddable":true,"href":"https:\/\/amjaadpharmacy.com\/ar\/wp-json\/wp\/v2\/product_cat?post=11506"},{"taxonomy":"product_tag","embeddable":true,"href":"https:\/\/amjaadpharmacy.com\/ar\/wp-json\/wp\/v2\/product_tag?post=11506"}],"curies":[{"name":"wp","href":"https:\/\/api.w.org\/{rel}","templated":true}]}}