{"id":24709,"date":"2026-02-13T10:43:20","date_gmt":"2026-02-13T10:43:20","guid":{"rendered":"https:\/\/amjaadpharmacy.com\/?post_type=product&#038;p=24709"},"modified":"2026-02-13T10:43:20","modified_gmt":"2026-02-13T10:43:20","slug":"rausch-anti-dandruff-scalp-lotion-with-coltsfoot-200ml","status":"publish","type":"product","link":"https:\/\/amjaadpharmacy.com\/ar\/product\/rausch-anti-dandruff-scalp-lotion-with-coltsfoot-200ml\/","title":{"rendered":"RAUSCH ANTI DANDRUFF SCALP LOTION WITH COLTSFOOT 200ML"},"content":{"rendered":"<p>Die Lotion bei trockenen Schuppen und juckender Kopfhaut. Sie befreit auf milde Weise nachhaltig von hartn\u00e4ckigen Schuppen und bek\u00e4mpft gleichzeitig deren Ursache. Sie mildert Juckreiz und R\u00f6tungen und hilft bei regelm\u00e4ssiger Anwendung, die Neubildung von Schuppen zu verhindern. Die spezielle Formel sorgt f\u00fcr eine angenehme Kopfhaut-Erfrischung und stellt das Gleichgewicht der Kopfhaut wieder her. Mit dermatologischem Elementarschwefel sowie auserw\u00e4hlten Extrakten aus Huflattich, Klettenwurzel und Melisse.<\/p>","protected":false},"excerpt":{"rendered":"<p>Die Lotion bei trockenen Schuppen und juckender Kopfhaut. Sie befreit auf milde Weise nachhaltig von hartn\u00e4ckigen Schuppen und bek\u00e4mpft gleichzeitig deren Ursache. Sie mildert Juckreiz und R\u00f6tungen und hilft bei regelm\u00e4ssiger Anwendung, die Neubildung von Schuppen zu verhindern. Die spezielle Formel sorgt f\u00fcr eine angenehme Kopfhaut-Erfrischung und stellt das Gleichgewicht der Kopfhaut wieder her. Mit [&hellip;]<\/p>\n","protected":false},"featured_media":24710,"comment_status":"open","ping_status":"closed","template":"","meta":[],"product_cat":[],"product_tag":[],"class_list":{"0":"post-24709","1":"product","2":"type-product","3":"status-publish","4":"has-post-thumbnail","6":"product_brand-rausch","8":"first","9":"instock","10":"taxable","11":"shipping-taxable","12":"purchasable","13":"product-type-simple"},"_links":{"self":[{"href":"https:\/\/amjaadpharmacy.com\/ar\/wp-json\/wp\/v2\/product\/24709","targetHints":{"allow":["GET"]}}],"collection":[{"href":"https:\/\/amjaadpharmacy.com\/ar\/wp-json\/wp\/v2\/product"}],"about":[{"href":"https:\/\/amjaadpharmacy.com\/ar\/wp-json\/wp\/v2\/types\/product"}],"replies":[{"embeddable":true,"href":"https:\/\/amjaadpharmacy.com\/ar\/wp-json\/wp\/v2\/comments?post=24709"}],"wp:featuredmedia":[{"embeddable":true,"href":"https:\/\/amjaadpharmacy.com\/ar\/wp-json\/wp\/v2\/media\/24710"}],"wp:attachment":[{"href":"https:\/\/amjaadpharmacy.com\/ar\/wp-json\/wp\/v2\/media?parent=24709"}],"wp:term":[{"taxonomy":"product_cat","embeddable":true,"href":"https:\/\/amjaadpharmacy.com\/ar\/wp-json\/wp\/v2\/product_cat?post=24709"},{"taxonomy":"product_tag","embeddable":true,"href":"https:\/\/amjaadpharmacy.com\/ar\/wp-json\/wp\/v2\/product_tag?post=24709"}],"curies":[{"name":"wp","href":"https:\/\/api.w.org\/{rel}","templated":true}]}}